{"id":11,"date":"2011-06-04T12:57:43","date_gmt":"2011-06-04T12:57:43","guid":{"rendered":"https:\/\/www.haugesundlyd.no\/?page_id=11"},"modified":"2026-02-27T14:52:48","modified_gmt":"2026-02-27T12:52:48","slug":"about","status":"publish","type":"page","link":"https:\/\/www.haugesundlyd.no\/?page_id=11","title":{"rendered":"OM HL"},"content":{"rendered":"<table style=\"height: 442px;\" width=\"744\" align=\"center\">\n<tbody>\n<tr>\n<td><img loading=\"lazy\" decoding=\"async\" class=\"alignright size-full wp-image-34\" style=\"float: right;\" title=\"dio\" src=\"https:\/\/www.haugesundlyd.no\/wp-content\/uploads\/2011\/06\/dio.jpg\" alt=\"\" width=\"257\" height=\"203\" \/><strong>Haugesund Lyd<\/strong> er en seri\u00f8s leverand\u00f8r av komplette lyd\/lys-produksjoner der bedriftskonferanser er en av v\u00e5re store ukentlige gj\u00f8rem\u00e5l. Se billedgalleri fra konferanse\/events.<br \/>\nUtenom PA-utleie har vi ogs\u00e5 er bredt utvalg i backline. Kontakt Haugesund Backline for utvidet backlinetilbud for festivaler og turne.<span style=\"font-family: inherit; font-size: inherit;\">Vi leverer komplette <\/span>produksjoner innenfor konferanser, konserter,bedriftevents\/show\/bankett . Vi har lang erfaring<br \/>\nfra lyd\/lys-bransjen.<\/p>\n<p>Etter mange \u00e5rs erfaring kan vi vise til en referanseliste best\u00e5ende av profilerte artister,<br \/>\nkonsert-arrang\u00f8rer, management og bedrifter.<\/p>\n<p>Ta kontakt for st\u00f8rre oppsett av lysproduksjoner.<br \/>\nHaugesund Lyd &#8211; En leverand\u00f8r \u00e5 regne med siden 2007.<\/td>\n<\/tr>\n<\/tbody>\n<\/table>\n","protected":false},"excerpt":{"rendered":"<p>Haugesund Lyd er en seri\u00f8s leverand\u00f8r av komplette lyd\/lys-produksjoner der bedriftskonferanser er en av v\u00e5re store ukentlige gj\u00f8rem\u00e5l. Se billedgalleri fra konferanse\/events. Utenom PA-utleie har vi ogs\u00e5 er bredt utvalg i backline. Kontakt Haugesund Backline for utvidet backlinetilbud for festivaler og turne.Vi leverer komplette produksjoner innenfor konferanser, konserter,bedriftevents\/show\/bankett . Vi har lang erfaring fra lyd\/lys-bransjen. [&hellip;]<\/p>\n","protected":false},"author":1,"featured_media":0,"parent":0,"menu_order":2,"comment_status":"closed","ping_status":"closed","template":"","meta":{"footnotes":""},"class_list":["post-11","page","type-page","status-publish","hentry"],"_links":{"self":[{"href":"https:\/\/www.haugesundlyd.no\/index.php?rest_route=\/wp\/v2\/pages\/11","targetHints":{"allow":["GET"]}}],"collection":[{"href":"https:\/\/www.haugesundlyd.no\/index.php?rest_route=\/wp\/v2\/pages"}],"about":[{"href":"https:\/\/www.haugesundlyd.no\/index.php?rest_route=\/wp\/v2\/types\/page"}],"author":[{"embeddable":true,"href":"https:\/\/www.haugesundlyd.no\/index.php?rest_route=\/wp\/v2\/users\/1"}],"replies":[{"embeddable":true,"href":"https:\/\/www.haugesundlyd.no\/index.php?rest_route=%2Fwp%2Fv2%2Fcomments&post=11"}],"version-history":[{"count":19,"href":"https:\/\/www.haugesundlyd.no\/index.php?rest_route=\/wp\/v2\/pages\/11\/revisions"}],"predecessor-version":[{"id":851,"href":"https:\/\/www.haugesundlyd.no\/index.php?rest_route=\/wp\/v2\/pages\/11\/revisions\/851"}],"wp:attachment":[{"href":"https:\/\/www.haugesundlyd.no\/index.php?rest_route=%2Fwp%2Fv2%2Fmedia&parent=11"}],"curies":[{"name":"wp","href":"https:\/\/api.w.org\/{rel}","templated":true}]}}