{"id":22,"date":"2011-06-04T14:09:52","date_gmt":"2011-06-04T14:09:52","guid":{"rendered":"https:\/\/www.haugesundlyd.no\/?page_id=22"},"modified":"2026-02-27T15:02:41","modified_gmt":"2026-02-27T13:02:41","slug":"references","status":"publish","type":"page","link":"https:\/\/www.haugesundlyd.no\/?page_id=22","title":{"rendered":"REF."},"content":{"rendered":"<p style=\"text-align: center;\"><strong>REFERANSER<\/strong><\/p>\n<div style=\"width: 100%; margin-left: 130px;\">\n<table class=\"aligncenter\" style=\"height: 576px;\" border=\"0\" width=\"768\">\n<tbody>\n<tr>\n<td width=\"180\">Cezinando<br \/>\nDave Grousin<br \/>\nLee Ritenour<br \/>\nWishbone Ash<br \/>\nSondre Lerche<br \/>\nHelge Toft<br \/>\nThe Low Frequency In stereo<br \/>\nVidar Johnsen<br \/>\nBj\u00f8rn Berge<br \/>\nStavangerameratene<br \/>\nJan Toft<br \/>\nLeif &amp; KompisianeEspen Lind<\/td>\n<td width=\"134\">Hellbillies<br \/>\nThomas Dybdahl<br \/>\nMorten Abel<br \/>\nMadrugada<br \/>\nJan Teigen<br \/>\nJan Eggum<br \/>\nBig Bang<br \/>\nMarius Muller<br \/>\nReidar Larsen<br \/>\nBj\u00f8rn Eidsv\u00e5g<br \/>\nKaizers Orchestra<br \/>\nJim St\u00e4rk<br \/>\nBellamy Brothers<br \/>\nRaga Rockers<br \/>\nHanne Krogh<\/td>\n<td width=\"122\">Udo<br \/>\nPrimal Fear<br \/>\nWASP<br \/>\nIn Flames<br \/>\nKim Larsen<br \/>\nHanne Boel<br \/>\nWaterboys<br \/>\nTimbuktu<br \/>\nBeth Hart<br \/>\nJohnny Logan<br \/>\nNazareth<br \/>\nSlade<br \/>\nPaul Di\u00b4Anno<br \/>\nStage Dolls<br \/>\nDio<br \/>\nMartin Turner<\/td>\n<td width=\"150\">Kurt Nilsen<br \/>\nCC Cowboys<br \/>\nPaal Flaata<br \/>\nMaria Mena<br \/>\nSondre Justad<br \/>\nTurbonegro<br \/>\nStavanger Ensemblet<br \/>\nEinherjer<br \/>\nMadcon<br \/>\nIan Hunter<br \/>\nManfred Man<br \/>\nDDE<br \/>\nYlvis<\/td>\n<td width=\"157\">Quality Maritim Hotell<\/p>\n<p>Sj\u00f8fartdirektoratet<\/p>\n<p>Haugaland Kraft<\/p>\n<p>Deep Ocean<\/p>\n<p>Floating wind days<\/p>\n<p>N\u00e6ringsforeningen Haugalandet<\/p>\n<p>Gassco<\/p>\n<p>Stand Up Norge<\/p>\n<p>Sk\u00e5nevik Bluesfestival<br \/>\nKarm\u00f8ygeddon<br \/>\nSildajazz<br \/>\nDen Norske Filmfestival<br \/>\nEquinor<br \/>\nHydro<br \/>\nSteen&amp;Str\u00f8m<br \/>\nKarm\u00f8y Kommune<br \/>\nHaugesund Kommun<\/p>\n<p>FK Haugesund<\/td>\n<\/tr>\n<\/tbody>\n<\/table>\n<\/div>\n","protected":false},"excerpt":{"rendered":"<p>REFERANSER Cezinando Dave Grousin Lee Ritenour Wishbone Ash Sondre Lerche Helge Toft The Low Frequency In stereo Vidar Johnsen Bj\u00f8rn Berge Stavangerameratene Jan Toft Leif &amp; KompisianeEspen Lind Hellbillies Thomas Dybdahl Morten Abel Madrugada Jan Teigen Jan Eggum Big Bang Marius Muller Reidar Larsen Bj\u00f8rn Eidsv\u00e5g Kaizers Orchestra Jim St\u00e4rk Bellamy Brothers Raga Rockers Hanne [&hellip;]<\/p>\n","protected":false},"author":1,"featured_media":0,"parent":0,"menu_order":5,"comment_status":"closed","ping_status":"closed","template":"","meta":{"footnotes":""},"class_list":["post-22","page","type-page","status-publish","hentry"],"_links":{"self":[{"href":"https:\/\/www.haugesundlyd.no\/index.php?rest_route=\/wp\/v2\/pages\/22","targetHints":{"allow":["GET"]}}],"collection":[{"href":"https:\/\/www.haugesundlyd.no\/index.php?rest_route=\/wp\/v2\/pages"}],"about":[{"href":"https:\/\/www.haugesundlyd.no\/index.php?rest_route=\/wp\/v2\/types\/page"}],"author":[{"embeddable":true,"href":"https:\/\/www.haugesundlyd.no\/index.php?rest_route=\/wp\/v2\/users\/1"}],"replies":[{"embeddable":true,"href":"https:\/\/www.haugesundlyd.no\/index.php?rest_route=%2Fwp%2Fv2%2Fcomments&post=22"}],"version-history":[{"count":41,"href":"https:\/\/www.haugesundlyd.no\/index.php?rest_route=\/wp\/v2\/pages\/22\/revisions"}],"predecessor-version":[{"id":855,"href":"https:\/\/www.haugesundlyd.no\/index.php?rest_route=\/wp\/v2\/pages\/22\/revisions\/855"}],"wp:attachment":[{"href":"https:\/\/www.haugesundlyd.no\/index.php?rest_route=%2Fwp%2Fv2%2Fmedia&parent=22"}],"curies":[{"name":"wp","href":"https:\/\/api.w.org\/{rel}","templated":true}]}}